{"id":19,"date":"2020-12-01T01:14:59","date_gmt":"2020-12-01T00:14:59","guid":{"rendered":"http:\/\/gawel.edu.pl\/?page_id=19"},"modified":"2024-01-23T12:50:08","modified_gmt":"2024-01-23T11:50:08","slug":"join-us","status":"publish","type":"page","link":"https:\/\/gawel.edu.pl\/index.php\/join-us\/","title":{"rendered":"Join Us"},"content":{"rendered":"\n<figure class=\"wp-block-image size-large\"><img loading=\"lazy\" decoding=\"async\" width=\"776\" height=\"453\" src=\"http:\/\/gawel.edu.pl\/wp-content\/uploads\/2021\/03\/195741.png\" alt=\"\" class=\"wp-image-140\" srcset=\"https:\/\/gawel.edu.pl\/wp-content\/uploads\/2021\/03\/195741.png 776w, https:\/\/gawel.edu.pl\/wp-content\/uploads\/2021\/03\/195741-300x175.png 300w, https:\/\/gawel.edu.pl\/wp-content\/uploads\/2021\/03\/195741-768x448.png 768w\" sizes=\"auto, (max-width: 776px) 100vw, 776px\" \/><\/figure>\n\n\n\n<p>We are always looking for motivated Postdocs, Ph.D., and undergraduate students. If you are interested please contact <a href=\"http:\/\/gawel.edu.pl\/index.php\/contact\/\">Przemyslaw<\/a>. There are a number of external funding sources for potential candidates:<\/p>\n\n\n\n<ul class=\"wp-block-list\">\n<li><a href=\"https:\/\/polonezbis.eu\/en\/\" data-type=\"URL\" data-id=\"https:\/\/polonezbis.eu\/en\/\" target=\"_blank\" rel=\"noreferrer noopener\">POLONEZ BIS<\/a> postdoctoral fellowship program from the National Science Centre<\/li>\n\n\n\n<li><a rel=\"noreferrer noopener\" href=\"https:\/\/pasific.pan.pl\/\" target=\"_blank\">PASIFIC<\/a> postdoctoral fellowship program from the Polish Academy of Sciences. <\/li>\n\n\n\n<li><a rel=\"noreferrer noopener\" href=\"https:\/\/nawa.gov.pl\/naukowcy\/program-im-ulama\" target=\"_blank\">ULAM<\/a> postdoctoral fellowship program from the National Agency for Academic Exchange.<\/li>\n\n\n\n<li><a rel=\"noreferrer noopener\" href=\"https:\/\/ec.europa.eu\/research\/mariecurieactions\/actions\/individual-fellowships_en\" target=\"_blank\">Marie Sk\u0142odowska-Curie Actions<\/a> Individual Fellowship from the European Commission.<\/li>\n<\/ul>\n\n\n\n<p><strong>Undergraduate Projects\/Projekty Studenckie<\/strong><\/p>\n\n\n\n<p>Undergraduate students from all Polish universities, as well as exchange students from abroad, are always welcome to apply to pursue their summer or MSc projects in our group.  For more information about potential project topics please get in touch <a rel=\"noreferrer noopener\" href=\"http:\/\/gawel.edu.pl\/index.php\/contact\/\" target=\"_blank\">Przemyslaw<\/a>.<\/p>\n\n\n\n<p>Zapraszamy student\u00f3w ze wszystkich uczelni w Polsce do aplikowania do naszego zespo\u0142u. Dajemy wiele mo\u017cliwo\u015bci wykonania ciekawych projekt\u00f3w letnich lub magisterskich w m\u0142odym i energicznym zespole. Po wi\u0119cej informacji i tematy potencjalnych projekt\u00f3w prosz\u0119 si\u0119 kontaktowa\u0107 z <a rel=\"noreferrer noopener\" href=\"http:\/\/gawel.edu.pl\/index.php\/contact\/\" target=\"_blank\">Przemys\u0142awem.<\/a><\/p>\n\n\n\n<p><\/p>\n","protected":false},"excerpt":{"rendered":"<p>We are always looking for motivated Postdocs, Ph.D., and undergraduate students. If you are interested please contact Przemyslaw. There are a number of external funding sources for potential candidates: Undergraduate Projects\/Projekty Studenckie Undergraduate students from all Polish universities, as well as exchange students from abroad, are always welcome to apply to pursue their summer or\u2026 <span class=\"read-more\"><a href=\"https:\/\/gawel.edu.pl\/index.php\/join-us\/\">Read More &raquo;<\/a><\/span><\/p>\n","protected":false},"author":1,"featured_media":0,"parent":0,"menu_order":5,"comment_status":"closed","ping_status":"closed","template":"","meta":{"footnotes":""},"class_list":["post-19","page","type-page","status-publish","hentry"],"_links":{"self":[{"href":"https:\/\/gawel.edu.pl\/index.php\/wp-json\/wp\/v2\/pages\/19","targetHints":{"allow":["GET"]}}],"collection":[{"href":"https:\/\/gawel.edu.pl\/index.php\/wp-json\/wp\/v2\/pages"}],"about":[{"href":"https:\/\/gawel.edu.pl\/index.php\/wp-json\/wp\/v2\/types\/page"}],"author":[{"embeddable":true,"href":"https:\/\/gawel.edu.pl\/index.php\/wp-json\/wp\/v2\/users\/1"}],"replies":[{"embeddable":true,"href":"https:\/\/gawel.edu.pl\/index.php\/wp-json\/wp\/v2\/comments?post=19"}],"version-history":[{"count":30,"href":"https:\/\/gawel.edu.pl\/index.php\/wp-json\/wp\/v2\/pages\/19\/revisions"}],"predecessor-version":[{"id":36220,"href":"https:\/\/gawel.edu.pl\/index.php\/wp-json\/wp\/v2\/pages\/19\/revisions\/36220"}],"wp:attachment":[{"href":"https:\/\/gawel.edu.pl\/index.php\/wp-json\/wp\/v2\/media?parent=19"}],"curies":[{"name":"wp","href":"https:\/\/api.w.org\/{rel}","templated":true}]}}